{"id":124,"date":"2022-04-25T14:53:13","date_gmt":"2022-04-25T19:53:13","guid":{"rendered":"https:\/\/demo.cmssuperheroes.com\/themeforest\/chemlabs\/?page_id=124"},"modified":"2023-10-16T04:09:01","modified_gmt":"2023-10-16T09:09:01","slug":"blogg","status":"publish","type":"page","link":"https:\/\/lancomedicalgroup.com\/es\/blogg\/","title":{"rendered":"blog"},"content":{"rendered":"<div data-elementor-type=\"wp-page\" data-elementor-id=\"124\" class=\"elementor elementor-124\">\n\t\t\t\t        <div class=\"elementor-section elementor-top-section elementor-element elementor-element-8c966b5 pt-70 pb-80 elementor-section-boxed elementor-section-height-default elementor-section-height-default cms-remove-row-no cms-section-no-padding-no cms-boxed-bg-false cms-section-boxed-divider-false cms-overlay-gradient-bg-yes cms-overlay-gradient-mode-tb\" data-id=\"8c966b5\" data-element_type=\"section\">\r\n\t\t<div class=\"cms-overlay-gradient\"><\/div><div class=\"cms-section-boxed-bg\"><\/div><div class=\"cms-section-boxed-divider\"><\/div><div class=\"cms-elementor-section-remove\"><\/div><div class=\"cms-elementor-section-corner cms-elementor-section-corner-top\"><\/div><div class=\"cms-elementor-section-corner cms-elementor-section-corner-bottom\"><\/div>        <div class=\"elementor-container elementor-column-gap-default\" >\r\n\t\t        <div class=\"elementor-column elementor-col-100 elementor-top-column elementor-element elementor-element-ec79ed1\" data-id=\"ec79ed1\" data-element_type=\"column\">\r\n            <div class=\"elementor-widget-wrap elementor-element-populated\">\r\n                \t\t<div class=\"elementor-element elementor-element-89e0050 cms-post-layout-1 elementor-widget elementor-widget-cms_post_grid\" data-id=\"89e0050\" data-element_type=\"widget\" data-widget_type=\"cms_post_grid.default\">\n\t\t\t\t<div class=\"elementor-widget-container\">\n\t\t\t<div id=\"cms_post_grid-89e0050\" class=\"cms-grid\" data-layoutmode=\"fitRows\" data-layout=\"masonry\" data-start-page=\"1\" data-max-pages=\"1\" data-total=\"3\" data-perpage=\"6\" data-next-link=\"\">\r\n        <div class=\"cms-grid-inner cms-grid-masonry row relative animation-time\" data-layout=\"fitRows\" style=\"margin:-20px\">\r\n        <div class=\"cms-grid-sizer\"><\/div>\r\n                    <div class=\"cms-grid-item col-xl-4 col-lg-4 col-md-6 col-sm-12 item-1 last-sm\" style=\"padding:20px;margin-bottom:-30px;\">\n                                    <div class=\"cms-item-content bg-white cms-shadow-hover-1 cms-radius-10 cms-transition relative clearfix\">    <div class=\"cms-featured cms-post-standard  cms-media\"><div class=\"cms-featured-inner relative\">            <div class=\"post-image cms-post-image cms-radius-10\">\r\n                <a href=\"https:\/\/lancomedicalgroup.com\/es\/gala30-asociacion-diplomatica-pty\/\" title=\"81bloog\" rel=\"nofollow\"><img fetchpriority=\"high\" decoding=\"async\" width=\"840\" height=\"562\" src=\"https:\/\/lancomedicalgroup.com\/wp-content\/uploads\/2022\/04\/Diseno-sin-titulo-19-840x562.jpg\" class=\"w-100 cms-radius-10 cms-img\" alt=\"\" srcset=\"https:\/\/lancomedicalgroup.com\/wp-content\/uploads\/2022\/04\/Diseno-sin-titulo-19-840x562.jpg 840w, https:\/\/lancomedicalgroup.com\/wp-content\/uploads\/2022\/04\/Diseno-sin-titulo-19-770x514.jpg 770w\" sizes=\"(max-width: 840px) 100vw, 840px\" \/><\/a>            <\/div>\r\n                <span class=\"cms-post-cat cms-post-cat-on-media absolute cms-abs-b-30 cms-abs-r-40\">\n            <span class=\"meta-inner tagcloud\">\n                <a href=\"https:\/\/lancomedicalgroup.com\/es\/category\/events\/\" class=\"cms-term\">Eventos<\/a>            <\/span>\n        <\/span>\n    <\/div><\/div>\r\n                            <div class=\"cms-item-content-inner p-20 p-lr-md-40 pb-md-40 pt-md-35\">\n                                                        <div class=\"row gutters-10 justify-content-between\">\n                                <div class=\"col\">\n                                    <h2 class=\"cms-item-content-title cms-heading text-19 lh-27 font-500\">\n                                        <a href=\"https:\/\/lancomedicalgroup.com\/es\/gala30-asociacion-diplomatica-pty\/\">Celebrando 30 a\u00f1os de la Asociaci\u00f3n Diplom\u00e1tica de Panam\u00e1<\/a>\n                                    <\/h2>\n                                                <div class=\"cms-post-meta text-14 mt-10\">\n                <div class=\"cms-post-meta-inner row align-items-center gutters-20\">\n                            <span class=\"cms-post-date col-auto\">\n            <span class=\"meta-inner\">\n                                <span>5 octubre, 2023<\/span>\n            <\/span>\n        <\/span>\n        <span class=\"cms-meta-separator align-self-center\"><\/span>        <span class=\"cms-post-author col-auto\">\n            <span class=\"meta-inner\">\n                                <a href=\"https:\/\/lancomedicalgroup.com\/es\/author\/lmgroup\/\" title=\"grupo lm\" class=\"cms-post--author\">grupo lm<\/a>\n            <\/span>\n        <\/span>\n                    <\/div>\n            <\/div>\n                                        <\/div>\n                                                            <\/div>\n                            <div class=\"cms-item-content-excerpt pt-25 mt-2 empty-none\">    <div class=\"cms-post-excerpt\">\r\n        Una noche de elegancia y compromiso. Celebrando 30 a\u00f1os de la Asociaci\u00f3n Diplom\u00e1tica de Panam\u00e1 en colaboraci\u00f3n con    <\/div>\r\n    <\/div>\n                                                            <div class=\"cms-btn-wraps cms-post-item-readmore cms-transition pt-20 mt-2\">\n                                    <a href=\"https:\/\/lancomedicalgroup.com\/es\/gala30-asociacion-diplomatica-pty\/\" class=\"cms-readmore font-700 link-primary link-hover-accent\">\n                                        <span class=\"cms-btn-content\">\n                                            <span class=\"cms-btn-icon cmsi-plus-circle text-26\"><\/span>\n                                            <span class=\"cms-btn-text\">Leer m\u00e1s<\/span>\n                                        <\/span>\n                                    <\/a>\n                                <\/div>\n                                                    <\/div>\n                    <\/div>\n                            <\/div>\n                    <div class=\"cms-grid-item col-xl-4 col-lg-4 col-md-6 col-sm-12 item-2 last-md last-sm\" style=\"padding:20px;margin-bottom:-30px;\">\n                                    <div class=\"cms-item-content bg-white cms-shadow-hover-1 cms-radius-10 cms-transition relative clearfix\">    <div class=\"cms-featured cms-post-standard  cms-media\"><div class=\"cms-featured-inner relative\">            <div class=\"post-image cms-post-image cms-radius-10\">\r\n                <a href=\"https:\/\/lancomedicalgroup.com\/es\/lanco-medical-group-was-present-at-the-fime-2023-usa\/\" title=\"6397bloog\" rel=\"nofollow\"><img decoding=\"async\" width=\"840\" height=\"562\" data-src=\"https:\/\/lancomedicalgroup.com\/wp-content\/uploads\/2023\/10\/IMAGENES-RRSS-LMG-1080-x-1350-px-11-840x562.jpg\" class=\"w-100 cms-radius-10 cms-img lazyload\" alt=\"\" data-srcset=\"https:\/\/lancomedicalgroup.com\/wp-content\/uploads\/2023\/10\/IMAGENES-RRSS-LMG-1080-x-1350-px-11-840x562.jpg 840w, https:\/\/lancomedicalgroup.com\/wp-content\/uploads\/2023\/10\/IMAGENES-RRSS-LMG-1080-x-1350-px-11-770x514.jpg 770w\" data-sizes=\"(max-width: 840px) 100vw, 840px\" src=\"data:image\/gif;base64,R0lGODlhAQABAAAAACH5BAEKAAEALAAAAAABAAEAAAICTAEAOw==\" style=\"--smush-placeholder-width: 840px; --smush-placeholder-aspect-ratio: 840\/562;\" \/><\/a>            <\/div>\r\n                <span class=\"cms-post-cat cms-post-cat-on-media absolute cms-abs-b-30 cms-abs-r-40\">\n            <span class=\"meta-inner tagcloud\">\n                <a href=\"https:\/\/lancomedicalgroup.com\/es\/category\/events\/\" class=\"cms-term\">Eventos<\/a>            <\/span>\n        <\/span>\n    <\/div><\/div>\r\n                            <div class=\"cms-item-content-inner p-20 p-lr-md-40 pb-md-40 pt-md-35\">\n                                                        <div class=\"row gutters-10 justify-content-between\">\n                                <div class=\"col\">\n                                    <h2 class=\"cms-item-content-title cms-heading text-19 lh-27 font-500\">\n                                        <a href=\"https:\/\/lancomedicalgroup.com\/es\/lanco-medical-group-was-present-at-the-fime-2023-usa\/\">Lanco Medical Group estuvo presente en la FIME 2023 \u2013 EE.UU.<\/a>\n                                    <\/h2>\n                                                <div class=\"cms-post-meta text-14 mt-10\">\n                <div class=\"cms-post-meta-inner row align-items-center gutters-20\">\n                            <span class=\"cms-post-date col-auto\">\n            <span class=\"meta-inner\">\n                                <span>25 julio, 2023<\/span>\n            <\/span>\n        <\/span>\n        <span class=\"cms-meta-separator align-self-center\"><\/span>        <span class=\"cms-post-author col-auto\">\n            <span class=\"meta-inner\">\n                                <a href=\"https:\/\/lancomedicalgroup.com\/es\/author\/lmgroup\/\" title=\"grupo lm\" class=\"cms-post--author\">grupo lm<\/a>\n            <\/span>\n        <\/span>\n                    <\/div>\n            <\/div>\n                                        <\/div>\n                                                            <\/div>\n                            <div class=\"cms-item-content-excerpt pt-25 mt-2 empty-none\">    <div class=\"cms-post-excerpt\">\r\n        A trav\u00e9s de nuestra filial de Suministros M\u00e9dicos Alcal\u00e1 Pharma, asistimos a este evento donde mantuvimos reuniones estrat\u00e9gicas con los mo    <\/div>\r\n    <\/div>\n                                                            <div class=\"cms-btn-wraps cms-post-item-readmore cms-transition pt-20 mt-2\">\n                                    <a href=\"https:\/\/lancomedicalgroup.com\/es\/lanco-medical-group-was-present-at-the-fime-2023-usa\/\" class=\"cms-readmore font-700 link-primary link-hover-accent\">\n                                        <span class=\"cms-btn-content\">\n                                            <span class=\"cms-btn-icon cmsi-plus-circle text-26\"><\/span>\n                                            <span class=\"cms-btn-text\">Leer m\u00e1s<\/span>\n                                        <\/span>\n                                    <\/a>\n                                <\/div>\n                                                    <\/div>\n                    <\/div>\n                            <\/div>\n                    <div class=\"cms-grid-item col-xl-4 col-lg-4 col-md-6 col-sm-12 item-3 last-xl last-lg last-sm\" style=\"padding:20px;margin-bottom:-30px;\">\n                                    <div class=\"cms-item-content bg-white cms-shadow-hover-1 cms-radius-10 cms-transition relative clearfix\">    <div class=\"cms-featured cms-post-standard  cms-media\"><div class=\"cms-featured-inner relative\">            <div class=\"post-image cms-post-image cms-radius-10\">\r\n                <a href=\"https:\/\/lancomedicalgroup.com\/es\/lanco-medical-group-interest-in-executing-projects-in-the-salvador\/\" title=\"5965bloog\" rel=\"nofollow\"><img decoding=\"async\" width=\"840\" height=\"562\" data-src=\"https:\/\/lancomedicalgroup.com\/wp-content\/uploads\/2023\/10\/WhatsApp-Image-2023-10-16-at-06.18.00-3-840x562.jpeg\" class=\"w-100 cms-radius-10 cms-img lazyload\" alt=\"\" data-srcset=\"https:\/\/lancomedicalgroup.com\/wp-content\/uploads\/2023\/10\/WhatsApp-Image-2023-10-16-at-06.18.00-3-840x562.jpeg 840w, https:\/\/lancomedicalgroup.com\/wp-content\/uploads\/2023\/10\/WhatsApp-Image-2023-10-16-at-06.18.00-3-770x514.jpeg 770w, https:\/\/lancomedicalgroup.com\/wp-content\/uploads\/2023\/10\/WhatsApp-Image-2023-10-16-at-06.18.00-3-18x12.jpeg 18w\" data-sizes=\"(max-width: 840px) 100vw, 840px\" src=\"data:image\/gif;base64,R0lGODlhAQABAAAAACH5BAEKAAEALAAAAAABAAEAAAICTAEAOw==\" style=\"--smush-placeholder-width: 840px; --smush-placeholder-aspect-ratio: 840\/562;\" \/><\/a>            <\/div>\r\n                <span class=\"cms-post-cat cms-post-cat-on-media absolute cms-abs-b-30 cms-abs-r-40\">\n            <span class=\"meta-inner tagcloud\">\n                <a href=\"https:\/\/lancomedicalgroup.com\/es\/category\/events\/\" class=\"cms-term\">Eventos<\/a>            <\/span>\n        <\/span>\n    <\/div><\/div>\r\n                            <div class=\"cms-item-content-inner p-20 p-lr-md-40 pb-md-40 pt-md-35\">\n                                                        <div class=\"row gutters-10 justify-content-between\">\n                                <div class=\"col\">\n                                    <h2 class=\"cms-item-content-title cms-heading text-19 lh-27 font-500\">\n                                        <a href=\"https:\/\/lancomedicalgroup.com\/es\/lanco-medical-group-interest-in-executing-projects-in-the-salvador\/\">Lanco Medical Group expres\u00f3 su inter\u00e9s en ejecutar proyectos en El Salvador<\/a>\n                                    <\/h2>\n                                                <div class=\"cms-post-meta text-14 mt-10\">\n                <div class=\"cms-post-meta-inner row align-items-center gutters-20\">\n                            <span class=\"cms-post-date col-auto\">\n            <span class=\"meta-inner\">\n                                <span>3 febrero, 2023<\/span>\n            <\/span>\n        <\/span>\n        <span class=\"cms-meta-separator align-self-center\"><\/span>        <span class=\"cms-post-author col-auto\">\n            <span class=\"meta-inner\">\n                                <a href=\"https:\/\/lancomedicalgroup.com\/es\/author\/lmgroup\/\" title=\"grupo lm\" class=\"cms-post--author\">grupo lm<\/a>\n            <\/span>\n        <\/span>\n                    <\/div>\n            <\/div>\n                                        <\/div>\n                                                            <\/div>\n                            <div class=\"cms-item-content-excerpt pt-25 mt-2 empty-none\">    <div class=\"cms-post-excerpt\">\r\n        Recientemente, representantes de Lanco Medical Group, empresa farmac\u00e9utica colombiana, expresaron su inter\u00e9s en ejecutar    <\/div>\r\n    <\/div>\n                                                            <div class=\"cms-btn-wraps cms-post-item-readmore cms-transition pt-20 mt-2\">\n                                    <a href=\"https:\/\/lancomedicalgroup.com\/es\/lanco-medical-group-interest-in-executing-projects-in-the-salvador\/\" class=\"cms-readmore font-700 link-primary link-hover-accent\">\n                                        <span class=\"cms-btn-content\">\n                                            <span class=\"cms-btn-icon cmsi-plus-circle text-26\"><\/span>\n                                            <span class=\"cms-btn-text\">Leer m\u00e1s<\/span>\n                                        <\/span>\n                                    <\/a>\n                                <\/div>\n                                                    <\/div>\n                    <\/div>\n                            <\/div>\n                <div class=\"cms-grid-overlay\"><\/div>\r\n    <\/div>\r\n            <div class=\"cms-post-pagination cms-grid-pagination mt-35 empty-none\" data-loadmore=\"{&quot;element_name&quot;:&quot;cms_post_grid&quot;,&quot;post_type&quot;:&quot;post&quot;,&quot;layout&quot;:&quot;1&quot;,&quot;startPage&quot;:1,&quot;maxPages&quot;:1,&quot;total&quot;:3,&quot;perpage&quot;:6,&quot;nextLink&quot;:&quot;&quot;,&quot;source&quot;:[&quot;events|category&quot;],&quot;orderby&quot;:&quot;date&quot;,&quot;order&quot;:&quot;desc&quot;,&quot;limit&quot;:6,&quot;pagination_type&quot;:&quot;pagination&quot;,&quot;masonry_mode&quot;:&quot;fitRows&quot;,&quot;col_xl&quot;:&quot;3&quot;,&quot;col_lg&quot;:&quot;3&quot;,&quot;col_md&quot;:&quot;2&quot;,&quot;col_sm&quot;:&quot;1&quot;,&quot;gap&quot;:40,&quot;gap_extra&quot;:-30,&quot;thumbnail_size&quot;:&quot;large&quot;,&quot;thumbnail_custom_dimension&quot;:{&quot;width&quot;:&quot;&quot;,&quot;height&quot;:&quot;&quot;},&quot;excerpt_lenght&quot;:120,&quot;excerpt_more_text&quot;:&quot;&quot;,&quot;readmore_text&quot;:&quot;Read More&quot;,&quot;show_fb&quot;:&quot;&quot;,&quot;show_tw&quot;:&quot;&quot;,&quot;show_insta&quot;:&quot;&quot;,&quot;show_email&quot;:&quot;&quot;,&quot;show_phone&quot;:&quot;&quot;,&quot;grid&quot;:true,&quot;tax&quot;:[]}\" data-query=\"{&quot;post_type&quot;:&quot;post&quot;,&quot;post_status&quot;:&quot;publish&quot;,&quot;posts_per_page&quot;:6,&quot;order&quot;:&quot;desc&quot;,&quot;orderby&quot;:&quot;date&quot;,&quot;tax_query&quot;:{&quot;relation&quot;:&quot;OR&quot;,&quot;0&quot;:{&quot;taxonomy&quot;:&quot;category&quot;,&quot;field&quot;:&quot;slug&quot;,&quot;operator&quot;:&quot;IN&quot;,&quot;terms&quot;:[&quot;events&quot;]}},&quot;post__not_in&quot;:[124]}\"><\/div>\r\n        <\/div>\r\n<div class=\"cms-btn-groups row gutters-30 gutters-grid align-items-center justify-content-center pt-25\">\r\n    <\/div>\t\t<\/div>\n\t\t\t\t<\/div>\n\t\t            <\/div>\r\n        <\/div>\r\n        \t\t\t<\/div>\r\n\t\t<\/div>\r\n\t\t\t\t<\/div>","protected":false},"excerpt":{"rendered":"<p>Events Celebrating 30 years of the Diplomatic Association of Panama 5 octubre, 2023 lmgroup With 200 access points across the country a comprehensive logistics network, we have proven to be an important partner Read More<\/p>","protected":false},"author":1,"featured_media":0,"parent":0,"menu_order":16,"comment_status":"closed","ping_status":"closed","template":"","meta":{"footnotes":""},"class_list":["post-124","page","type-page","status-publish","hentry","cms-no-post-thumbnail"],"yoast_head":"<!-- This site is optimized with the Yoast SEO plugin v23.6 - https:\/\/yoast.com\/wordpress\/plugins\/seo\/ -->\n<title>bloog - Lanco Medical Group<\/title>\n<meta name=\"robots\" content=\"index, follow, max-snippet:-1, max-image-preview:large, max-video-preview:-1\" \/>\n<link rel=\"canonical\" href=\"https:\/\/lancomedicalgroup.com\/es\/blogg\/\" \/>\n<meta property=\"og:locale\" content=\"es_ES\" \/>\n<meta property=\"og:type\" content=\"article\" \/>\n<meta property=\"og:title\" content=\"bloog - Lanco Medical Group\" \/>\n<meta property=\"og:description\" content=\"Events Celebrating 30 years of the Diplomatic Association of Panama 5 octubre, 2023 lmgroup With 200 access points across the country a comprehensive logistics network, we have proven to be an important partner Read More\" \/>\n<meta property=\"og:url\" content=\"https:\/\/lancomedicalgroup.com\/es\/blogg\/\" \/>\n<meta property=\"og:site_name\" content=\"Lanco Medical Group\" \/>\n<meta property=\"article:modified_time\" content=\"2023-10-16T09:09:01+00:00\" \/>\n<meta property=\"og:image\" content=\"https:\/\/lancomedicalgroup.com\/wp-content\/uploads\/2022\/04\/Diseno-sin-titulo-19-840x562.jpg\" \/>\n<meta name=\"twitter:card\" content=\"summary_large_image\" \/>\n<script type=\"application\/ld+json\" class=\"yoast-schema-graph\">{\"@context\":\"https:\/\/schema.org\",\"@graph\":[{\"@type\":\"WebPage\",\"@id\":\"https:\/\/lancomedicalgroup.com\/blogg\/\",\"url\":\"https:\/\/lancomedicalgroup.com\/blogg\/\",\"name\":\"bloog - Lanco Medical Group\",\"isPartOf\":{\"@id\":\"https:\/\/lancomedicalgroup.com\/#website\"},\"primaryImageOfPage\":{\"@id\":\"https:\/\/lancomedicalgroup.com\/blogg\/#primaryimage\"},\"image\":{\"@id\":\"https:\/\/lancomedicalgroup.com\/blogg\/#primaryimage\"},\"thumbnailUrl\":\"https:\/\/lancomedicalgroup.com\/wp-content\/uploads\/2022\/04\/Diseno-sin-titulo-19-840x562.jpg\",\"datePublished\":\"2022-04-25T19:53:13+00:00\",\"dateModified\":\"2023-10-16T09:09:01+00:00\",\"breadcrumb\":{\"@id\":\"https:\/\/lancomedicalgroup.com\/blogg\/#breadcrumb\"},\"inLanguage\":\"es\",\"potentialAction\":[{\"@type\":\"ReadAction\",\"target\":[\"https:\/\/lancomedicalgroup.com\/blogg\/\"]}]},{\"@type\":\"ImageObject\",\"inLanguage\":\"es\",\"@id\":\"https:\/\/lancomedicalgroup.com\/blogg\/#primaryimage\",\"url\":\"https:\/\/lancomedicalgroup.com\/wp-content\/uploads\/2022\/04\/Diseno-sin-titulo-19-840x562.jpg\",\"contentUrl\":\"https:\/\/lancomedicalgroup.com\/wp-content\/uploads\/2022\/04\/Diseno-sin-titulo-19-840x562.jpg\"},{\"@type\":\"BreadcrumbList\",\"@id\":\"https:\/\/lancomedicalgroup.com\/blogg\/#breadcrumb\",\"itemListElement\":[{\"@type\":\"ListItem\",\"position\":1,\"name\":\"Inicio\",\"item\":\"https:\/\/lancomedicalgroup.com\/\"},{\"@type\":\"ListItem\",\"position\":2,\"name\":\"bloog\"}]},{\"@type\":\"WebSite\",\"@id\":\"https:\/\/lancomedicalgroup.com\/#website\",\"url\":\"https:\/\/lancomedicalgroup.com\/\",\"name\":\"Lanco Medical Group\",\"description\":\"Together, we do health\",\"potentialAction\":[{\"@type\":\"SearchAction\",\"target\":{\"@type\":\"EntryPoint\",\"urlTemplate\":\"https:\/\/lancomedicalgroup.com\/?s={search_term_string}\"},\"query-input\":{\"@type\":\"PropertyValueSpecification\",\"valueRequired\":true,\"valueName\":\"search_term_string\"}}],\"inLanguage\":\"es\"}]}<\/script>\n<!-- \/ Yoast SEO plugin. -->","yoast_head_json":{"title":"bloog - Lanco Medical Group","robots":{"index":"index","follow":"follow","max-snippet":"max-snippet:-1","max-image-preview":"max-image-preview:large","max-video-preview":"max-video-preview:-1"},"canonical":"https:\/\/lancomedicalgroup.com\/es\/blogg\/","og_locale":"es_ES","og_type":"article","og_title":"bloog - Lanco Medical Group","og_description":"Events Celebrating 30 years of the Diplomatic Association of Panama 5 octubre, 2023 lmgroup With 200 access points across the country a comprehensive logistics network, we have proven to be an important partner Read More","og_url":"https:\/\/lancomedicalgroup.com\/es\/blogg\/","og_site_name":"Lanco Medical Group","article_modified_time":"2023-10-16T09:09:01+00:00","og_image":[{"url":"https:\/\/lancomedicalgroup.com\/wp-content\/uploads\/2022\/04\/Diseno-sin-titulo-19-840x562.jpg"}],"twitter_card":"summary_large_image","schema":{"@context":"https:\/\/schema.org","@graph":[{"@type":"WebPage","@id":"https:\/\/lancomedicalgroup.com\/blogg\/","url":"https:\/\/lancomedicalgroup.com\/blogg\/","name":"bloog - Lanco Medical Group","isPartOf":{"@id":"https:\/\/lancomedicalgroup.com\/#website"},"primaryImageOfPage":{"@id":"https:\/\/lancomedicalgroup.com\/blogg\/#primaryimage"},"image":{"@id":"https:\/\/lancomedicalgroup.com\/blogg\/#primaryimage"},"thumbnailUrl":"https:\/\/lancomedicalgroup.com\/wp-content\/uploads\/2022\/04\/Diseno-sin-titulo-19-840x562.jpg","datePublished":"2022-04-25T19:53:13+00:00","dateModified":"2023-10-16T09:09:01+00:00","breadcrumb":{"@id":"https:\/\/lancomedicalgroup.com\/blogg\/#breadcrumb"},"inLanguage":"es","potentialAction":[{"@type":"ReadAction","target":["https:\/\/lancomedicalgroup.com\/blogg\/"]}]},{"@type":"ImageObject","inLanguage":"es","@id":"https:\/\/lancomedicalgroup.com\/blogg\/#primaryimage","url":"https:\/\/lancomedicalgroup.com\/wp-content\/uploads\/2022\/04\/Diseno-sin-titulo-19-840x562.jpg","contentUrl":"https:\/\/lancomedicalgroup.com\/wp-content\/uploads\/2022\/04\/Diseno-sin-titulo-19-840x562.jpg"},{"@type":"BreadcrumbList","@id":"https:\/\/lancomedicalgroup.com\/blogg\/#breadcrumb","itemListElement":[{"@type":"ListItem","position":1,"name":"Inicio","item":"https:\/\/lancomedicalgroup.com\/"},{"@type":"ListItem","position":2,"name":"bloog"}]},{"@type":"WebSite","@id":"https:\/\/lancomedicalgroup.com\/#website","url":"https:\/\/lancomedicalgroup.com\/","name":"Lanco Medical Group","description":"Together, we do health","potentialAction":[{"@type":"SearchAction","target":{"@type":"EntryPoint","urlTemplate":"https:\/\/lancomedicalgroup.com\/?s={search_term_string}"},"query-input":{"@type":"PropertyValueSpecification","valueRequired":true,"valueName":"search_term_string"}}],"inLanguage":"es"}]}},"_links":{"self":[{"href":"https:\/\/lancomedicalgroup.com\/es\/wp-json\/wp\/v2\/pages\/124","targetHints":{"allow":["GET"]}}],"collection":[{"href":"https:\/\/lancomedicalgroup.com\/es\/wp-json\/wp\/v2\/pages"}],"about":[{"href":"https:\/\/lancomedicalgroup.com\/es\/wp-json\/wp\/v2\/types\/page"}],"author":[{"embeddable":true,"href":"https:\/\/lancomedicalgroup.com\/es\/wp-json\/wp\/v2\/users\/1"}],"replies":[{"embeddable":true,"href":"https:\/\/lancomedicalgroup.com\/es\/wp-json\/wp\/v2\/comments?post=124"}],"version-history":[{"count":0,"href":"https:\/\/lancomedicalgroup.com\/es\/wp-json\/wp\/v2\/pages\/124\/revisions"}],"wp:attachment":[{"href":"https:\/\/lancomedicalgroup.com\/es\/wp-json\/wp\/v2\/media?parent=124"}],"curies":[{"name":"wp","href":"https:\/\/api.w.org\/{rel}","templated":true}]}}